{"id":382,"date":"2020-04-16T10:58:30","date_gmt":"2020-04-16T10:58:30","guid":{"rendered":"http:\/\/timotapaninen.fi\/?page_id=382"},"modified":"2020-04-16T10:58:30","modified_gmt":"2020-04-16T10:58:30","slug":"rekisteri-ja-tietosuojaseloste","status":"publish","type":"page","link":"https:\/\/timotapaninen.fi\/en\/rekisteri-ja-tietosuojaseloste\/","title":{"rendered":"Rekisteri- ja tietosuojaseloste"},"content":{"rendered":"<p>[et_pb_section fb_built=&#8221;1&#8243; _builder_version=&#8221;3.22&#8243; background_image=&#8221;http:\/\/timotapaninen.fi\/wp-content\/uploads\/2020\/04\/circle-background-pattern.png&#8221; custom_padding=&#8221;67px|0px|0px|0px|false|false&#8221; animation_style=&#8221;zoom&#8221; animation_intensity_zoom=&#8221;4%&#8221;][et_pb_row _builder_version=&#8221;3.25&#8243; background_size=&#8221;initial&#8221; background_position=&#8221;top_left&#8221; background_repeat=&#8221;repeat&#8221; custom_padding=&#8221;|||&#8221; animation_style=&#8221;slide&#8221; animation_direction=&#8221;top&#8221; animation_intensity_slide=&#8221;3%&#8221;][et_pb_column type=&#8221;4_4&#8243; _builder_version=&#8221;3.25&#8243; custom_padding=&#8221;|||&#8221; custom_padding__hover=&#8221;|||&#8221;][et_pb_text _builder_version=&#8221;4.3&#8243; text_font=&#8221;||||||||&#8221; header_font=&#8221;Montserrat|700||on|||||dotted&#8221; header_text_color=&#8221;#353740&#8243; header_font_size=&#8221;60px&#8221; header_line_height=&#8221;1.3em&#8221; background_size=&#8221;initial&#8221; background_position=&#8221;top_left&#8221; background_repeat=&#8221;repeat&#8221; custom_margin=&#8221;|||&#8221; animation_style=&#8221;fade&#8221; hover_enabled=&#8221;0&#8243; header_font_size_last_edited=&#8221;on|phone&#8221; locked=&#8221;off&#8221; header_font_size_phone=&#8221;31px&#8221;]<\/p>\n<h1>Rekisteri- ja tietosuojaseloste<\/h1>\n<p>[\/et_pb_text][et_pb_divider show_divider=&#8221;off&#8221; disabled_on=&#8221;on|on|off&#8221; _builder_version=&#8221;3.2&#8243; max_width=&#8221;120px&#8221; animation_style=&#8221;slide&#8221; animation_direction=&#8221;top&#8221; animation_intensity_slide=&#8221;30%&#8221;][\/et_pb_divider][\/et_pb_column][\/et_pb_row][\/et_pb_section][et_pb_section fb_built=&#8221;1&#8243; _builder_version=&#8221;4.3&#8243; custom_padding=&#8221;0px|||||&#8221;][et_pb_row _builder_version=&#8221;4.3&#8243;][et_pb_column _builder_version=&#8221;4.3&#8243; type=&#8221;4_4&#8243;][et_pb_text _builder_version=&#8221;4.3&#8243; hover_enabled=&#8221;0&#8243;]<\/p>\n<p>Timo Tapaninen ker\u00e4\u00e4 t\u00e4ll\u00e4 sivustolla yhteystietoja lomakkeiden kautta. L\u00e4hett\u00e4m\u00e4ll\u00e4 mink\u00e4 tahansa lomakkeen sivustojen kautta, hyv\u00e4ksyt sen, ett\u00e4 voimme olla teihin yhteydess\u00e4 puhelimitse, s\u00e4hk\u00f6postilla tai l\u00e4hett\u00e4m\u00e4ll\u00e4 teille uutiskirjeit\u00e4mme. \u200b<\/p>\n<h4>\u200b<\/h4>\n<p>T\u00e4m\u00e4 on Yrityksen henkil\u00f6tietolain (10 ja 24 \u00a7) ja EU:n yleisen tietosuoja-asetuksen (GDPR) mukainen rekisterija tietosuojaseloste. Laadittu 26.09.2019. Viimeisin muutos 26.09.2019.<\/p>\n<h6>\u00a01. Rekisterinpit\u00e4j\u00e4<\/h6>\n<p>Rovaniemi Online &amp; Media House Lapland, 2132638-4<\/p>\n<p>\u200b<\/p>\n<h6>2. Rekisterist\u00e4 vastaava yhteyshenkil\u00f6<\/h6>\n<p>Timo Tapaninen, timo@timotapaninen, +358 40 629 0399\u200b<\/p>\n<h6>3. Rekisterin nimi<\/h6>\n<p>Timo Tapanisen asiakasrekisteri<\/p>\n<p>\u200b<\/p>\n<h6>4. Oikeusperuste ja henkil\u00f6tietojen k\u00e4sittelyn tarkoitus<\/h6>\n<p>EU:n yleisen tietosuoja-asetuksen mukainen oikeusperuste henkil\u00f6tietojen k\u00e4sittelylle on \u2013 sopimus, jossa rekister\u00f6ity on osapuolena. Henkil\u00f6tietojen k\u00e4sittelyn tarkoitus on yhteydenpito asiakkaisiin, asiakassuhteen yll\u00e4pito sek\u00e4 markkinointi. Tietoja ei k\u00e4ytet\u00e4 automatisoituun p\u00e4\u00e4t\u00f6ksentekoon tai profilointiin.<\/p>\n<p>\u200b<\/p>\n<h6>5. Rekisterin tietosis\u00e4lt\u00f6<\/h6>\n<p>Rekisteriin tallennettavia tietoja ovat: henkil\u00f6n nimi, yritys\/organisaatio, yhteystiedot (puhelinnumero, s\u00e4hk\u00f6postiosoite, osoite), laskutustiedot, muut asiakassuhteeseen ja tilattuihin palveluihin liittyv\u00e4t tiedot.<\/p>\n<p>\u200b<\/p>\n<h6>6. S\u00e4\u00e4nn\u00f6nmukaiset tietol\u00e4hteet<\/h6>\n<p>Rekisteriin tallennettavat tiedot saadaan asiakkaalta mm. www-lomakkeilla l\u00e4hetetyist\u00e4 viesteist\u00e4, s\u00e4hk\u00f6postitse, puhelimitse, sosiaalisen median palvelujen kautta, sopimuksista, asiakastapaamisista ja muista tilanteista, joissa asiakas luovuttaa tietojaan.<\/p>\n<p>\u200b<\/p>\n<h6>7. Tietojen s\u00e4\u00e4nn\u00f6nmukaiset luovutukset ja tietojen siirto EU:n tai ETA:n ulkopuolelle<\/h6>\n<p>Tietoja ei luovuteta s\u00e4\u00e4nn\u00f6nmukaisesti muille tahoille.<\/p>\n<p>\u200b<\/p>\n<h6>8. Rekisterin suojauksen periaatteet<\/h6>\n<p>Rekisterin k\u00e4sittelyss\u00e4 noudatetaan huolellisuutta ja tietoj\u00e4rjestelmien avulla k\u00e4sitelt\u00e4v\u00e4t tiedot suojataan asianmukaisesti. Kun rekisteritietoja s\u00e4ilytet\u00e4\u00e4n Internet-palvelimilla, niiden laitteiston fyysisest\u00e4 ja digitaalisesta tietoturvasta huolehditaan asiaankuuluvasti. Rekisterinpit\u00e4j\u00e4 huolehtii siit\u00e4, ett\u00e4 tallennettuja tietoja sek\u00e4 palvelimien k\u00e4ytt\u00f6oikeuksia ja muita henkil\u00f6tietojen turvallisuuden kannalta kriittisi\u00e4 tietoja k\u00e4sitell\u00e4\u00e4n luottamuksellisesti ja vain niiden ty\u00f6ntekij\u00f6iden toimesta, joiden ty\u00f6nkuvaan se kuuluu.<\/p>\n<p>\u200b<\/p>\n<h6>9. Tarkastusoikeus ja oikeus vaatia tiedon korjaamista<\/h6>\n<p>Jokaisella rekisteriss\u00e4 olevalla henkil\u00f6ll\u00e4 on oikeus tarkistaa rekisteriin tallennetut tietonsa ja vaatia mahdollisen virheellisen tiedon korjaamista tai puutteellisen tiedon t\u00e4ydent\u00e4mist\u00e4. Mik\u00e4li henkil\u00f6 haluaa tarkistaa h\u00e4nest\u00e4 tallennetut tiedot tai vaatia niihin oikaisua, pyynt\u00f6 tulee l\u00e4hett\u00e4\u00e4 kirjallisesti rekisterinpit\u00e4j\u00e4lle. Rekisterinpit\u00e4j\u00e4 voi pyyt\u00e4\u00e4 tarvittaessa pyynn\u00f6n esitt\u00e4j\u00e4\u00e4 todistamaan henkil\u00f6llisyytens\u00e4. Rekisterinpit\u00e4j\u00e4 vastaa asiakkaalle EU:n tietosuoja-asetuksessa s\u00e4\u00e4detyss\u00e4 ajassa (p\u00e4\u00e4s\u00e4\u00e4nt\u00f6isesti kuukauden kuluessa).<\/p>\n<p>\u200b<\/p>\n<h6>10. Muut henkil\u00f6tietojen k\u00e4sittelyyn liittyv\u00e4t oikeudet<\/h6>\n<p>Rekisteriss\u00e4 olevalla henkil\u00f6ll\u00e4 on oikeus pyyt\u00e4\u00e4 h\u00e4nt\u00e4 koskevien henkil\u00f6tietojen poistamiseen rekisterist\u00e4 (\u201coikeus tulla unohdetuksi\u201d). Niin ik\u00e4\u00e4n rekister\u00f6idyill\u00e4 on muut\u00a0<a>EU:n yleisen tietosuojaasetuksen mukaiset oikeudet<\/a>\u00a0kuten henkil\u00f6tietojen k\u00e4sittelyn rajoittaminen tietyiss\u00e4 tilanteissa. Pyynn\u00f6t tulee l\u00e4hett\u00e4\u00e4 kirjallisesti rekisterinpit\u00e4j\u00e4lle. Rekisterinpit\u00e4j\u00e4 voi pyyt\u00e4\u00e4 tarvittaessa pyynn\u00f6n esitt\u00e4j\u00e4\u00e4 todistamaan henkil\u00f6llisyytens\u00e4. Rekisterinpit\u00e4j\u00e4 vastaa asiakkaalle EU:n tietosuoja-asetuksessa s\u00e4\u00e4detyss\u00e4 ajassa (p\u00e4\u00e4s\u00e4\u00e4nt\u00f6isesti kuukauden kuluessa).<\/p>\n<p>[\/et_pb_text][\/et_pb_column][\/et_pb_row][\/et_pb_section]<\/p>","protected":false},"excerpt":{"rendered":"<p>Rekisteri- ja tietosuojaselosteTimo Tapaninen ker\u00e4\u00e4 t\u00e4ll\u00e4 sivustolla yhteystietoja lomakkeiden kautta. L\u00e4hett\u00e4m\u00e4ll\u00e4 mink\u00e4 tahansa lomakkeen sivustojen kautta, hyv\u00e4ksyt sen, ett\u00e4 voimme olla teihin yhteydess\u00e4 puhelimitse, s\u00e4hk\u00f6postilla tai l\u00e4hett\u00e4m\u00e4ll\u00e4 teille uutiskirjeit\u00e4mme. \u200b \u200b T\u00e4m\u00e4 on Yrityksen henkil\u00f6tietolain (10 ja 24 \u00a7) ja EU:n yleisen tietosuoja-asetuksen (GDPR) mukainen rekisterija tietosuojaseloste. Laadittu 26.09.2019. Viimeisin muutos 26.09.2019. \u00a01. Rekisterinpit\u00e4j\u00e4 Rovaniemi [&hellip;]<\/p>","protected":false},"author":1,"featured_media":0,"parent":0,"menu_order":0,"comment_status":"closed","ping_status":"closed","template":"","meta":{"_seopress_robots_primary_cat":"","_seopress_titles_title":"","_seopress_titles_desc":"","_seopress_robots_index":"","_et_pb_use_builder":"on","_et_pb_old_content":"[et_pb_section fb_built=\"1\" _builder_version=\"3.22\" background_image=\"http:\/\/timotapaninen.fi\/wp-content\/uploads\/2020\/04\/circle-background-pattern.png\" custom_padding=\"67px|0px|67.1875px|0px|false|false\" animation_style=\"zoom\" animation_intensity_zoom=\"4%\"][et_pb_row _builder_version=\"3.25\" background_size=\"initial\" background_position=\"top_left\" background_repeat=\"repeat\" custom_padding=\"|||\" animation_style=\"slide\" animation_direction=\"top\" animation_intensity_slide=\"3%\"][et_pb_column type=\"4_4\" _builder_version=\"3.25\" custom_padding=\"|||\" custom_padding__hover=\"|||\"][et_pb_text _builder_version=\"3.27.4\" text_font=\"||||||||\" header_font=\"Montserrat|700||on|||||dotted\" header_text_color=\"#353740\" header_font_size=\"60px\" header_line_height=\"1.3em\" background_size=\"initial\" background_position=\"top_left\" background_repeat=\"repeat\" custom_margin=\"|||\" animation_style=\"fade\" header_font_size_last_edited=\"off|desktop\" locked=\"off\"]<h1>Otappa yhteytt\u00e4<\/h1>[\/et_pb_text][et_pb_divider show_divider=\"off\" disabled_on=\"on|on|off\" _builder_version=\"3.2\" max_width=\"120px\" animation_style=\"slide\" animation_direction=\"top\" animation_intensity_slide=\"30%\"][\/et_pb_divider][\/et_pb_column][\/et_pb_row][\/et_pb_section][et_pb_section fb_built=\"1\" admin_label=\"Contact Section\" _builder_version=\"3.22\" custom_padding=\"6px||110px|||\" custom_margin=\"-109px|||||\"][et_pb_row admin_label=\"Contact Area\" _builder_version=\"4.3\" animation_style=\"zoom\" animation_intensity_zoom=\"20%\" hover_enabled=\"0\" column_structure=\"1_3,1_3,1_3\"][et_pb_column type=\"1_3\" _builder_version=\"3.25\" custom_padding=\"|||\" custom_padding__hover=\"|||\"][et_pb_text _builder_version=\"4.3\" text_font=\"Montserrat||||\" text_text_color=\"#747d88\" text_font_size=\"16px\" text_line_height=\"1.8em\" link_font=\"||||on|||#fcd21d|double\" link_text_color=\"#353740\" header_font=\"Montserrat||||\" header_4_font=\"Montserrat|700|||||||\" header_4_text_color=\"#353740\" header_4_font_size=\"22px\" header_4_line_height=\"1.9em\" animation_style=\"zoom\" animation_intensity_zoom=\"20%\" hover_enabled=\"0\"]<h4>Timo Tapaninen<\/h4>\n<h4><span style=\"font-size: 16px; color: #747d88; font-weight: 500;\">Kolpeneentie 61 A32<br \/> 96100 Rovaniemi<br \/> +358 40 6290399<br \/> timo@timotapaninen.fi<\/span><\/h4>\n[\/et_pb_text][\/et_pb_column][et_pb_column _builder_version=\"4.3\" type=\"1_3\" hover_enabled=\"0\"][et_pb_image src=\"http:\/\/timotapaninen.fi\/wp-content\/uploads\/2020\/04\/NP0A1647-683x1024.jpg\" _builder_version=\"4.3\" hover_enabled=\"0\"][\/et_pb_image][\/et_pb_column][et_pb_column type=\"1_3\" _builder_version=\"3.25\" custom_padding=\"|||\" custom_padding__hover=\"|||\"][et_pb_contact_form _builder_version=\"4.3\" title=\"Yhteydenotto lomakkeella\" success_message=\"Kiitoksia viestist\u00e4si. Olen yhteydess\u00e4!\" submit_button_text=\"L\u00e4het\u00e4\" hover_enabled=\"0\" custom_button=\"on\" button_text_color=\"#000000\" custom_padding=\"|||1px||\" custom_margin=\"|17px||54px||\" width=\"127.7%\"][et_pb_contact_field field_id=\"Nimi\" field_title=\"Nimi\" _builder_version=\"4.3\" hover_enabled=\"0\" button_text_size__hover_enabled=\"off\" button_one_text_size__hover_enabled=\"off\" button_two_text_size__hover_enabled=\"off\" button_text_color__hover_enabled=\"off\" button_one_text_color__hover_enabled=\"off\" button_two_text_color__hover_enabled=\"off\" button_border_width__hover_enabled=\"off\" button_one_border_width__hover_enabled=\"off\" button_two_border_width__hover_enabled=\"off\" button_border_color__hover_enabled=\"off\" button_one_border_color__hover_enabled=\"off\" button_two_border_color__hover_enabled=\"off\" button_border_radius__hover_enabled=\"off\" button_one_border_radius__hover_enabled=\"off\" button_two_border_radius__hover_enabled=\"off\" button_letter_spacing__hover_enabled=\"off\" button_one_letter_spacing__hover_enabled=\"off\" button_two_letter_spacing__hover_enabled=\"off\" button_bg_color__hover_enabled=\"off\" button_one_bg_color__hover_enabled=\"off\" button_two_bg_color__hover_enabled=\"off\"][\/et_pb_contact_field][et_pb_contact_field field_id=\"Email\" field_title=\"S\u00e4hk\u00f6postiosoite\" field_type=\"email\" _builder_version=\"3.16\" button_text_size__hover_enabled=\"off\" button_one_text_size__hover_enabled=\"off\" button_two_text_size__hover_enabled=\"off\" button_text_color__hover_enabled=\"off\" button_one_text_color__hover_enabled=\"off\" button_two_text_color__hover_enabled=\"off\" button_border_width__hover_enabled=\"off\" button_one_border_width__hover_enabled=\"off\" button_two_border_width__hover_enabled=\"off\" button_border_color__hover_enabled=\"off\" button_one_border_color__hover_enabled=\"off\" button_two_border_color__hover_enabled=\"off\" button_border_radius__hover_enabled=\"off\" button_one_border_radius__hover_enabled=\"off\" button_two_border_radius__hover_enabled=\"off\" button_letter_spacing__hover_enabled=\"off\" button_one_letter_spacing__hover_enabled=\"off\" button_two_letter_spacing__hover_enabled=\"off\" button_bg_color__hover_enabled=\"off\" button_one_bg_color__hover_enabled=\"off\" button_two_bg_color__hover_enabled=\"off\"][\/et_pb_contact_field][et_pb_contact_field field_id=\"Message\" field_title=\"S\u00e4hk\u00f6postiviesti\" field_type=\"text\" fullwidth_field=\"on\" _builder_version=\"3.16\" button_text_size__hover_enabled=\"off\" button_one_text_size__hover_enabled=\"off\" button_two_text_size__hover_enabled=\"off\" button_text_color__hover_enabled=\"off\" button_one_text_color__hover_enabled=\"off\" button_two_text_color__hover_enabled=\"off\" button_border_width__hover_enabled=\"off\" button_one_border_width__hover_enabled=\"off\" button_two_border_width__hover_enabled=\"off\" button_border_color__hover_enabled=\"off\" button_one_border_color__hover_enabled=\"off\" button_two_border_color__hover_enabled=\"off\" button_border_radius__hover_enabled=\"off\" button_one_border_radius__hover_enabled=\"off\" button_two_border_radius__hover_enabled=\"off\" button_letter_spacing__hover_enabled=\"off\" button_one_letter_spacing__hover_enabled=\"off\" button_two_letter_spacing__hover_enabled=\"off\" button_bg_color__hover_enabled=\"off\" button_one_bg_color__hover_enabled=\"off\" button_two_bg_color__hover_enabled=\"off\"][\/et_pb_contact_field][\/et_pb_contact_form][\/et_pb_column][\/et_pb_row][\/et_pb_section]","_et_gb_content_width":"","footnotes":""},"class_list":["post-382","page","type-page","status-publish","hentry"],"_links":{"self":[{"href":"https:\/\/timotapaninen.fi\/en\/wp-json\/wp\/v2\/pages\/382","targetHints":{"allow":["GET"]}}],"collection":[{"href":"https:\/\/timotapaninen.fi\/en\/wp-json\/wp\/v2\/pages"}],"about":[{"href":"https:\/\/timotapaninen.fi\/en\/wp-json\/wp\/v2\/types\/page"}],"author":[{"embeddable":true,"href":"https:\/\/timotapaninen.fi\/en\/wp-json\/wp\/v2\/users\/1"}],"replies":[{"embeddable":true,"href":"https:\/\/timotapaninen.fi\/en\/wp-json\/wp\/v2\/comments?post=382"}],"version-history":[{"count":2,"href":"https:\/\/timotapaninen.fi\/en\/wp-json\/wp\/v2\/pages\/382\/revisions"}],"predecessor-version":[{"id":387,"href":"https:\/\/timotapaninen.fi\/en\/wp-json\/wp\/v2\/pages\/382\/revisions\/387"}],"wp:attachment":[{"href":"https:\/\/timotapaninen.fi\/en\/wp-json\/wp\/v2\/media?parent=382"}],"curies":[{"name":"wp","href":"https:\/\/api.w.org\/{rel}","templated":true}]}}