{"id":692,"date":"2024-04-04T12:00:05","date_gmt":"2024-04-04T12:00:05","guid":{"rendered":"http:\/\/timotapaninen.fi\/?page_id=692"},"modified":"2025-03-25T10:01:36","modified_gmt":"2025-03-25T10:01:36","slug":"hinnasto","status":"publish","type":"page","link":"https:\/\/timotapaninen.fi\/en\/hinnasto\/","title":{"rendered":"Pricing"},"content":{"rendered":"<p>[et_pb_section fb_built=&#8221;1&#8243; admin_label=&#8221;Video&#8221; _builder_version=&#8221;4.24.2&#8243; use_background_color_gradient=&#8221;on&#8221; background_color_gradient_direction=&#8221;142deg&#8221; background_color_gradient_stops=&#8221;rgba(255,132,38,0.25) 0%|#26033f 100%&#8221; background_color_gradient_overlays_image=&#8221;on&#8221; background_color_gradient_start=&#8221;rgba(255,132,38,0.25)&#8221; background_color_gradient_end=&#8221;#26033f&#8221; background_image=&#8221;http:\/\/timotapaninen.fi\/wp-content\/uploads\/2024\/04\/Juhlatila-diskopallo.jpg&#8221; parallax=&#8221;on&#8221; overflow-x=&#8221;hidden&#8221; overflow-y=&#8221;hidden&#8221; custom_padding=&#8221;0px||16vw||false|&#8221; bottom_divider_style=&#8221;waves2&#8243; bottom_divider_color=&#8221;rgba(38,3,63,0.41)&#8221; bottom_divider_height=&#8221;39vw&#8221; bottom_divider_repeat=&#8221;0.5x&#8221; bottom_divider_flip=&#8221;horizontal&#8221; global_colors_info=&#8221;{}&#8221;][et_pb_row module_class=&#8221; et_pb_row_fullwidth&#8221; _builder_version=&#8221;4.16&#8243; width_tablet=&#8221;80%&#8221; width_last_edited=&#8221;off|desktop&#8221; max_width=&#8221;660px&#8221; max_width_tablet=&#8221;80%&#8221; max_width_last_edited=&#8221;off|desktop&#8221; mix_blend_mode=&#8221;overlay&#8221; box_shadow_style=&#8221;preset4&#8243; box_shadow_horizontal=&#8221;120px&#8221; box_shadow_vertical=&#8221;0px&#8221; box_shadow_color=&#8221;rgba(255,255,255,0.39)&#8221; make_fullwidth=&#8221;on&#8221; locked=&#8221;off&#8221; global_colors_info=&#8221;{}&#8221;][et_pb_column type=&#8221;4_4&#8243; _builder_version=&#8221;4.16&#8243; custom_padding=&#8221;|||&#8221; global_colors_info=&#8221;{}&#8221; custom_padding__hover=&#8221;|||&#8221;][et_pb_text _builder_version=&#8221;4.24.2&#8243; text_font=&#8221;Fjalla One|||on|||||&#8221; text_text_color=&#8221;rgba(255,255,255,0.48)&#8221; text_font_size=&#8221;12vw&#8221; text_line_height=&#8221;1em&#8221; header_font=&#8221;||||||||&#8221; background_layout=&#8221;dark&#8221; custom_margin=&#8221;-5vw||-7vw|-30vw&#8221; custom_margin_phone=&#8221;||0em&#8221; custom_margin_last_edited=&#8221;off|desktop&#8221; animation_style=&#8221;fade&#8221; animation_direction=&#8221;left&#8221; animation_duration=&#8221;2000ms&#8221; text_font_size_tablet=&#8221;15vw&#8221; text_font_size_phone=&#8221;&#8221; text_font_size_last_edited=&#8221;on|desktop&#8221; global_colors_info=&#8221;{}&#8221;]<\/p>\n<p>Pricing<\/p>\n<p>[\/et_pb_text][\/et_pb_column][\/et_pb_row][et_pb_row module_id=&#8221;palveluni&#8221; _builder_version=&#8221;4.24.2&#8243; max_width=&#8221;660px&#8221; custom_margin=&#8221;|auto|30px|auto||&#8221; box_shadow_style=&#8221;preset4&#8243; box_shadow_horizontal=&#8221;270px&#8221; box_shadow_vertical=&#8221;0px&#8221; box_shadow_color=&#8221;rgba(0,3,12,0.39)&#8221; global_colors_info=&#8221;{}&#8221;][et_pb_column type=&#8221;4_4&#8243; _builder_version=&#8221;4.16&#8243; global_colors_info=&#8221;{}&#8221;][et_pb_text _builder_version=&#8221;4.24.2&#8243; text_font=&#8221;|600|||||||&#8221; text_font_size=&#8221;16px&#8221; text_line_height=&#8221;1.8em&#8221; header_font=&#8221;Fjalla One|||on|||||&#8221; header_font_size=&#8221;80px&#8221; header_line_height=&#8221;1.2em&#8221; header_2_font=&#8221;Fjalla One|||on|||||&#8221; header_2_font_size=&#8221;20px&#8221; header_2_line_height=&#8221;1.2em&#8221; text_orientation=&#8221;center&#8221; background_layout=&#8221;dark&#8221; width_tablet=&#8221;600px&#8221; width_phone=&#8221;400px&#8221; width_last_edited=&#8221;off|phone&#8221; module_alignment=&#8221;center&#8221; header_font_size_tablet=&#8221;50px&#8221; header_font_size_phone=&#8221;30px&#8221; header_font_size_last_edited=&#8221;on|desktop&#8221; header_2_font_size_tablet=&#8221;20px&#8221; header_2_font_size_phone=&#8221;16px&#8221; header_2_font_size_last_edited=&#8221;on|phone&#8221; global_colors_info=&#8221;{}&#8221;]<\/p>\n<h1>Pricing<\/h1>\n<h2>Timo Tapaninen<\/h2>\n<p>[\/et_pb_text][\/et_pb_column][\/et_pb_row][\/et_pb_section][et_pb_section fb_built=&#8221;1&#8243; admin_label=&#8221;Services&#8221; _builder_version=&#8221;4.19.5&#8243; background_color=&#8221;rgba(0,0,0,0)&#8221; z_index=&#8221;1&#8243; custom_padding=&#8221;0px||65px|||&#8221; global_colors_info=&#8221;{}&#8221;][et_pb_row custom_padding_last_edited=&#8221;on|phone&#8221; _builder_version=&#8221;4.24.2&#8243; background_color=&#8221;#ffffff&#8221; max_width=&#8221;660px&#8221; custom_margin=&#8221;-16vw||||false&#8221; custom_padding=&#8221;5px|60px|5px|60px|true|true&#8221; custom_padding_tablet=&#8221;60px||60px|40px|true&#8221; custom_padding_phone=&#8221;|20px||20px||true&#8221; box_shadow_style=&#8221;preset3&#8243; box_shadow_vertical=&#8221;40px&#8221; box_shadow_blur=&#8221;80px&#8221; box_shadow_color=&#8221;rgba(131,146,167,0.15)&#8221; global_colors_info=&#8221;{}&#8221;][et_pb_column type=&#8221;4_4&#8243; _builder_version=&#8221;4.16&#8243; global_colors_info=&#8221;{}&#8221;][et_pb_text _builder_version=&#8221;4.27.0&#8243; text_font=&#8221;||||||||&#8221; text_font_size=&#8221;16px&#8221; text_line_height=&#8221;1.8em&#8221; link_font=&#8221;|700||on|||||&#8221; link_text_align=&#8221;right&#8221; link_text_color=&#8221;#ff9c7a&#8221; link_font_size=&#8221;12px&#8221; link_letter_spacing=&#8221;4px&#8221; header_font=&#8221;||||||||&#8221; header_3_font=&#8221;Fjalla One|||on|||||&#8221; header_3_font_size=&#8221;30px&#8221; header_3_letter_spacing=&#8221;10px&#8221; header_3_line_height=&#8221;1.2em&#8221; width_phone=&#8221;100%&#8221; width_last_edited=&#8221;off|phone&#8221; custom_margin=&#8221;62px||10px|||&#8221; hover_enabled=&#8221;0&#8243; header_3_font_size_tablet=&#8221;25px&#8221; header_3_font_size_phone=&#8221;20px&#8221; header_3_font_size_last_edited=&#8221;on|phone&#8221; global_colors_info=&#8221;{}&#8221; sticky_enabled=&#8221;0&#8243;]<\/p>\n<h3 style=\"text-align: center;\">DJ + EQUIPMENT<\/h3>\n<p class=\"x_MsoNormal\" style=\"text-align: center;\">I bring my own equipment<\/p>\n<p class=\"x_MsoNormal\" style=\"text-align: center;\">1 h 348 \u20ac<br \/>2 h 414 \u20ac<br \/>3 h 474 \u20ac<br \/>4 h 540 \u20ac<br \/>5 h 600 \u20ac<br \/>6 h 660 \u20ac<br \/>7 h 720 \u20ac<\/p>\n<p>&nbsp;<\/p>\n<p>[\/et_pb_text][et_pb_button button_url=&#8221;#yhteystiedot&#8221; button_text=&#8221;Tilaa&#8221; button_alignment=&#8221;right&#8221; _builder_version=&#8221;4.24.2&#8243; custom_button=&#8221;on&#8221; button_text_size=&#8221;14px&#8221; button_text_color=&#8221;#f56ea0&#8243; button_bg_color_gradient_direction=&#8221;90deg&#8221; button_bg_color_gradient_stops=&#8221;#ffb397 0%|#f46aa0 100%&#8221; button_bg_color_gradient_start=&#8221;#ffb397&#8243; button_bg_color_gradient_end=&#8221;#f46aa0&#8243; button_border_width=&#8221;0px&#8221; button_border_radius=&#8221;0px&#8221; button_letter_spacing=&#8221;5px&#8221; button_font=&#8221;Open Sans|700||on|||||&#8221; custom_padding=&#8221;0px|0px|0px|0px|true|true&#8221; locked=&#8221;off&#8221; global_colors_info=&#8221;{}&#8221;][\/et_pb_button][et_pb_text _builder_version=&#8221;4.27.0&#8243; text_font=&#8221;||||||||&#8221; text_font_size=&#8221;16px&#8221; text_line_height=&#8221;1.8em&#8221; link_font=&#8221;|700||on|||||&#8221; link_text_align=&#8221;right&#8221; link_text_color=&#8221;#ff9c7a&#8221; link_font_size=&#8221;12px&#8221; link_letter_spacing=&#8221;4px&#8221; header_font=&#8221;||||||||&#8221; header_3_font=&#8221;Fjalla One|||on|||||&#8221; header_3_font_size=&#8221;30px&#8221; header_3_letter_spacing=&#8221;10px&#8221; header_3_line_height=&#8221;1.2em&#8221; width_phone=&#8221;100%&#8221; width_last_edited=&#8221;off|phone&#8221; custom_margin=&#8221;||10px&#8221; hover_enabled=&#8221;0&#8243; header_3_font_size_tablet=&#8221;25px&#8221; header_3_font_size_phone=&#8221;20px&#8221; header_3_font_size_last_edited=&#8221;on|phone&#8221; global_colors_info=&#8221;{}&#8221; sticky_enabled=&#8221;0&#8243;]<\/p>\n<h3 style=\"text-align: center;\">Only DJ<\/h3>\n<p class=\"x_MsoNormal\" style=\"text-align: center;\">Customer provides necessary equipment<\/p>\n<p>&nbsp;<\/p>\n<p class=\"x_MsoNormal\" style=\"text-align: center;\">1 h 204 \u20ac<br \/>2 h 264 \u20ac<br \/>3 h 324 \u20ac<br \/>4 h 390 \u20ac<br \/>5 h 456 \u20ac<br \/>6 h 522 \u20ac<br \/>7 h 576 \u20ac<\/p>\n<p>&nbsp;<\/p>\n<p>[\/et_pb_text][et_pb_button button_url=&#8221;#yhteystiedot&#8221; button_text=&#8221;Tilaa&#8221; button_alignment=&#8221;right&#8221; _builder_version=&#8221;4.24.2&#8243; custom_button=&#8221;on&#8221; button_text_size=&#8221;14px&#8221; button_text_color=&#8221;#f56ea0&#8243; button_bg_color_gradient_direction=&#8221;90deg&#8221; button_bg_color_gradient_stops=&#8221;#ffb397 0%|#f46aa0 100%&#8221; button_bg_color_gradient_start=&#8221;#ffb397&#8243; button_bg_color_gradient_end=&#8221;#f46aa0&#8243; button_border_width=&#8221;0px&#8221; button_border_radius=&#8221;0px&#8221; button_letter_spacing=&#8221;5px&#8221; button_font=&#8221;Open Sans|700||on|||||&#8221; custom_padding=&#8221;0px|0px|0px|0px|true|true&#8221; locked=&#8221;off&#8221; global_colors_info=&#8221;{}&#8221;][\/et_pb_button][et_pb_text _builder_version=&#8221;4.27.0&#8243; text_font=&#8221;||||||||&#8221; text_font_size=&#8221;16px&#8221; text_line_height=&#8221;1.8em&#8221; link_font=&#8221;|700||on|||||&#8221; link_text_align=&#8221;right&#8221; link_text_color=&#8221;#ff9c7a&#8221; link_font_size=&#8221;12px&#8221; link_letter_spacing=&#8221;4px&#8221; header_font=&#8221;||||||||&#8221; header_3_font=&#8221;Fjalla One|||on|||||&#8221; header_3_font_size=&#8221;30px&#8221; header_3_letter_spacing=&#8221;10px&#8221; header_3_line_height=&#8221;1.2em&#8221; width_phone=&#8221;100%&#8221; width_last_edited=&#8221;off|phone&#8221; custom_margin=&#8221;||44px|||&#8221; hover_enabled=&#8221;0&#8243; header_3_font_size_tablet=&#8221;25px&#8221; header_3_font_size_phone=&#8221;20px&#8221; header_3_font_size_last_edited=&#8221;on|phone&#8221; locked=&#8221;off&#8221; global_colors_info=&#8221;{}&#8221; sticky_enabled=&#8221;0&#8243;]<\/p>\n<h3 style=\"text-align: center;\">DJ + Karaoke<\/h3>\n<p class=\"x_MsoNormal\" style=\"text-align: center;\">1 h 360 \u20ac<br \/>2 h 432 \u20ac<br \/>3 h 498 \u20ac<br \/>4 h 570 \u20ac<br \/>5 h 636 \u20ac<br \/>6 h 702 \u20ac<br \/>7 h 768 \u20ac<\/p>\n<p><a href=\"#\"><\/a><\/p>\n<p>[\/et_pb_text][et_pb_button button_url=&#8221;#yhteystiedot&#8221; button_text=&#8221;TILAA&#8221; button_alignment=&#8221;right&#8221; _builder_version=&#8221;4.24.2&#8243; custom_button=&#8221;on&#8221; button_text_size=&#8221;14px&#8221; button_text_color=&#8221;#f56ea0&#8243; button_bg_color_gradient_direction=&#8221;90deg&#8221; button_bg_color_gradient_stops=&#8221;#ffb397 0%|#f46aa0 100%&#8221; button_bg_color_gradient_start=&#8221;#ffb397&#8243; button_bg_color_gradient_end=&#8221;#f46aa0&#8243; button_border_width=&#8221;0px&#8221; button_border_radius=&#8221;0px&#8221; button_letter_spacing=&#8221;5px&#8221; button_font=&#8221;Open Sans|700||on|||||&#8221; custom_padding=&#8221;0px|0px|0px|0px|true|true&#8221; locked=&#8221;off&#8221; global_colors_info=&#8221;{}&#8221;][\/et_pb_button][et_pb_text _builder_version=&#8221;4.27.0&#8243; text_font=&#8221;||||||||&#8221; text_font_size=&#8221;16px&#8221; text_line_height=&#8221;1.8em&#8221; link_font=&#8221;|700||on|||||&#8221; link_text_align=&#8221;right&#8221; link_text_color=&#8221;#ff9c7a&#8221; link_font_size=&#8221;12px&#8221; link_letter_spacing=&#8221;4px&#8221; header_font=&#8221;||||||||&#8221; header_3_font=&#8221;Fjalla One|||on|||||&#8221; header_3_font_size=&#8221;30px&#8221; header_3_letter_spacing=&#8221;10px&#8221; header_3_line_height=&#8221;1.2em&#8221; width_phone=&#8221;100%&#8221; width_last_edited=&#8221;off|phone&#8221; hover_enabled=&#8221;0&#8243; header_3_font_size_tablet=&#8221;25px&#8221; header_3_font_size_phone=&#8221;20px&#8221; header_3_font_size_last_edited=&#8221;on|phone&#8221; locked=&#8221;off&#8221; global_colors_info=&#8221;{}&#8221; sticky_enabled=&#8221;0&#8243;]<\/p>\n<h3 style=\"text-align: center;\">Host<\/h3>\n<p class=\"x_MsoNormal\" style=\"text-align: center;\">1 h 240 \u20ac<br \/>2 h 336 \u20ac<br \/>3 h 432 \u20ac<br \/>4 h 504 \u20ac<br \/>5 h 600 \u20ac<br \/>6 h 696 \u20ac<br \/>7 h 792 \u20ac<\/p>\n<p><a href=\"#\"><\/a><\/p>\n<p>[\/et_pb_text][et_pb_button button_url=&#8221;#yhteystiedot&#8221; button_text=&#8221;TILAA&#8221; button_alignment=&#8221;right&#8221; _builder_version=&#8221;4.24.2&#8243; custom_button=&#8221;on&#8221; button_text_size=&#8221;14px&#8221; button_text_color=&#8221;#f56ea0&#8243; button_bg_color_gradient_direction=&#8221;90deg&#8221; button_bg_color_gradient_stops=&#8221;#ffb397 0%|#f46aa0 100%&#8221; button_bg_color_gradient_start=&#8221;#ffb397&#8243; button_bg_color_gradient_end=&#8221;#f46aa0&#8243; button_border_width=&#8221;0px&#8221; button_border_radius=&#8221;0px&#8221; button_letter_spacing=&#8221;5px&#8221; button_font=&#8221;Open Sans|700||on|||||&#8221; custom_padding=&#8221;0px|0px|0px|0px|true|true&#8221; locked=&#8221;off&#8221; global_colors_info=&#8221;{}&#8221;][\/et_pb_button][et_pb_text _builder_version=&#8221;4.27.0&#8243; text_font=&#8221;||||||||&#8221; text_font_size=&#8221;16px&#8221; text_line_height=&#8221;1.8em&#8221; link_font=&#8221;|700||on|||||&#8221; link_text_align=&#8221;right&#8221; link_text_color=&#8221;#ff9c7a&#8221; link_font_size=&#8221;12px&#8221; link_letter_spacing=&#8221;4px&#8221; header_font=&#8221;||||||||&#8221; header_3_font=&#8221;Fjalla One|||on|||||&#8221; header_3_font_size=&#8221;30px&#8221; header_3_letter_spacing=&#8221;10px&#8221; header_3_line_height=&#8221;1.2em&#8221; width_phone=&#8221;100%&#8221; width_last_edited=&#8221;off|phone&#8221; header_3_font_size_tablet=&#8221;25px&#8221; header_3_font_size_phone=&#8221;20px&#8221; header_3_font_size_last_edited=&#8221;on|phone&#8221; locked=&#8221;off&#8221; global_colors_info=&#8221;{}&#8221;]<\/p>\n<p class=\"x_MsoNormal\">Kaikkiin hintoihin lis\u00e4t\u00e4\u00e4n alv 25,5 %.<\/p>\n<p class=\"x_MsoNormal\">Multi-day gigs are negotiated separately. Longer contracts have a reducing effect on the price.<\/p>\n<p class=\"x_MsoNormal\">I bill for kilometers based on the actual driven kilometers according to the guideline prices.<\/p>\n<p class=\"x_MsoNormal\">If the event venue does not offer accommodation, I may also charge for accommodation if needed. These arrangements are always agreed upon separately.<\/p>\n<p>[\/et_pb_text][\/et_pb_column][\/et_pb_row][\/et_pb_section][et_pb_section fb_built=&#8221;1&#8243; admin_label=&#8221;Footer&#8221; _builder_version=&#8221;4.16&#8243; custom_padding=&#8221;||120px|||&#8221; locked=&#8221;off&#8221; global_colors_info=&#8221;{}&#8221;][et_pb_row _builder_version=&#8221;4.24.2&#8243; use_background_color_gradient=&#8221;on&#8221; background_color_gradient_direction=&#8221;90deg&#8221; background_color_gradient_stops=&#8221;#f46aa0 0%|#ffb397 100%&#8221; background_color_gradient_start=&#8221;#f46aa0&#8243; background_color_gradient_end=&#8221;#ffb397&#8243; custom_padding=&#8221;||0px|||&#8221; locked=&#8221;off&#8221; global_colors_info=&#8221;{}&#8221;][et_pb_column type=&#8221;4_4&#8243; _builder_version=&#8221;4.16&#8243; global_colors_info=&#8221;{}&#8221;][et_pb_text _builder_version=&#8221;4.16&#8243; text_font=&#8221;Fjalla One|||on|||||&#8221; text_text_color=&#8221;rgba(255,255,255,0.15)&#8221; text_font_size=&#8221;14vw&#8221; text_line_height=&#8221;1em&#8221; header_font=&#8221;||||||||&#8221; background_layout=&#8221;dark&#8221; custom_margin=&#8221;-3vw||-4vw|-7vw&#8221; custom_margin_phone=&#8221;||0em&#8221; custom_margin_last_edited=&#8221;off|desktop&#8221; mix_blend_mode=&#8221;overlay&#8221; animation_style=&#8221;fade&#8221; animation_direction=&#8221;left&#8221; animation_duration=&#8221;2000ms&#8221; text_font_size_tablet=&#8221;15vw&#8221; text_font_size_phone=&#8221;&#8221; text_font_size_last_edited=&#8221;on|desktop&#8221; locked=&#8221;off&#8221; global_colors_info=&#8221;{}&#8221;]<\/p>\n<p>_BOOK<\/p>\n<p>[\/et_pb_text][et_pb_text _builder_version=&#8221;4.16&#8243; text_font=&#8221;||||||||&#8221; text_font_size=&#8221;16px&#8221; text_line_height=&#8221;1.8em&#8221; header_font=&#8221;||||||||&#8221; header_2_font=&#8221;Fjalla One|||on|||||&#8221; header_2_font_size=&#8221;80px&#8221; header_2_line_height=&#8221;1.2em&#8221; text_orientation=&#8221;center&#8221; background_layout=&#8221;dark&#8221; width_tablet=&#8221;600px&#8221; width_phone=&#8221;400px&#8221; width_last_edited=&#8221;off|phone&#8221; max_width=&#8221;700px&#8221; module_alignment=&#8221;center&#8221; header_2_font_size_tablet=&#8221;50px&#8221; header_2_font_size_phone=&#8221;30px&#8221; header_2_font_size_last_edited=&#8221;on|phone&#8221; text_text_align=&#8221;center&#8221; locked=&#8221;off&#8221; global_colors_info=&#8221;{}&#8221;]<\/p>\n<h2>CONTACT<\/h2>\n<p>[\/et_pb_text][et_pb_button button_url=&#8221;#yhteystiedot&#8221; button_text=&#8221;YHTEYSTIEDOT&#8221; button_alignment=&#8221;right&#8221; _builder_version=&#8221;4.24.2&#8243; custom_button=&#8221;on&#8221; button_text_size=&#8221;14px&#8221; button_text_color=&#8221;#ffffff&#8221; button_bg_color=&#8221;#000000&#8243; button_bg_color_gradient_direction=&#8221;90deg&#8221; button_bg_color_gradient_stops=&#8221;#ffb397 0%|#f46aa0 100%&#8221; button_bg_color_gradient_start=&#8221;#ffb397&#8243; button_bg_color_gradient_end=&#8221;#f46aa0&#8243; button_border_width=&#8221;0px&#8221; button_border_radius=&#8221;0px&#8221; button_letter_spacing=&#8221;5px&#8221; button_font=&#8221;Open Sans|700||on|||||&#8221; custom_padding=&#8221;20px|40px|20px|40px|true|true&#8221; locked=&#8221;off&#8221; global_colors_info=&#8221;{}&#8221;][\/et_pb_button][\/et_pb_column][\/et_pb_row][et_pb_row column_structure=&#8221;2_3,1_3&#8243; custom_padding_last_edited=&#8221;on|desktop&#8221; module_id=&#8221;yhteystiedot&#8221; _builder_version=&#8221;4.24.2&#8243; custom_padding=&#8221;100px|40px|100px|40px|true|true&#8221; custom_padding_tablet=&#8221;&#8221; custom_padding_phone=&#8221;40px||40px||true&#8221; box_shadow_style=&#8221;preset3&#8243; box_shadow_vertical=&#8221;40px&#8221; box_shadow_blur=&#8221;80px&#8221; box_shadow_color=&#8221;rgba(131,146,167,0.15)&#8221; locked=&#8221;off&#8221; global_colors_info=&#8221;{}&#8221;][et_pb_column type=&#8221;2_3&#8243; _builder_version=&#8221;4.16&#8243; custom_padding=&#8221;|||&#8221; global_colors_info=&#8221;{}&#8221; custom_padding__hover=&#8221;|||&#8221;][de_fb_form title=&#8221;Yhteydenottolomake&#8221; form_id=&#8221;Yhteydenottolomake&#8221; submit_button_text=&#8221;L\u00e4het\u00e4&#8221; use_custom_email=&#8221;off&#8221; custom_contact_email=&#8221;timo@timotapaninen.fi&#8221; from_email=&#8221;custom&#8221; custom_from_email=&#8221;timo@timotapaninen.fi&#8221; email_title=&#8221;Uusi viesti timotapaninen.fi yhteydenottolomakkeella&#8221; email_template=&#8221;Uusi viesti yhteydenottolomakkeella osoitteesta timotapaninen.fi.<br \/>\n_____<br \/>\n%%Nimi%%<br \/>\n%%Yritys%%<br \/>\n%%Puhelin%%<br \/>\n%%S\u00e4hk\u00f6posti%%<\/p>\n<p>%%Viesti%%<br \/>\n_____&#8221; send_copy_to_sender=&#8221;on&#8221; sender_email_field=&#8221;S\u00e4hk\u00f6posti&#8221; reply_from_name=&#8221;custom&#8221; reply_custom_from_name=&#8221;DJ Timo Tapaninen&#8221; reply_from_email=&#8221;custom&#8221; reply_custom_from_email=&#8221;timo@timotapaninen.fi&#8221; reply_to_name=&#8221;DJ Timo Tapaninen&#8221; reply_to_email=&#8221;timo@timotapaninen.fi&#8221; reply_email_title=&#8221;Viesti vastaanotettu &#8211; timotapaninen.fi&#8221; reply_email_template=&#8221;Hei!<br \/>\nKiitos kun otit minuun yhteytt\u00e4. Luen kaikki saamani viestit ja vastaan niihin mahdollisimman pian. Alla saamani tiedot:<br \/>\n_____<br \/>\n%%Nimi%%<br \/>\n%%Yritys%%<br \/>\n%%Puhelin%%<br \/>\n%%S\u00e4hk\u00f6posti%%<\/p>\n<p>%%Viesti%%<br \/>\n_____<\/p>\n<p>Kiitos, palaamme asiaan.<\/p>\n<p>-Timo Tapaninen<br \/>\n040 629 0399<br \/>\ntimo@timotapaninen.fi&#8221; save_to_database=&#8221;on&#8221; google_recaptcha=&#8221;on&#8221; recaptcha_sitekey_type=&#8221;recaptcha_3&#8243; recaptcha_sitekey_v3=&#8221;6LesBq8pAAAAADGBmSew8-_mawFnOVkQou6kpVPi&#8221; recaptcha_seckey_v3=&#8221;6LesBq8pAAAAAF5uNWnTX-DKmf8uQVLNsgKfp5TU&#8221; _builder_version=&#8221;4.24.2&#8243; _module_preset=&#8221;default&#8221; form_field_background_color=&#8221;#dbdbdb&#8221; form_field_text_color=&#8221;#000000&#8243; form_field_focus_background_color=&#8221;rgba(0,0,0,0.02)&#8221; form_field_focus_text_color=&#8221;#000000&#8243; custom_button=&#8221;on&#8221; button_text_size=&#8221;16px&#8221; button_text_color=&#8221;#ffffff&#8221; button_bg_color=&#8221;#fdab97&#8243; button_border_width=&#8221;0px&#8221; button_border_radius=&#8221;0px&#8221; button_letter_spacing=&#8221;5px&#8221; button_font=&#8221;Roboto|700||on|||||&#8221; button_use_icon=&#8221;off&#8221; button_custom_padding=&#8221;|25px||25px|false|false&#8221; global_colors_info=&#8221;{}&#8221; button_letter_spacing__hover_enabled=&#8221;on|hover&#8221; button_letter_spacing__hover=&#8221;7px&#8221;][de_fb_form_field field_title=&#8221;Nimi&#8221; admin_title=&#8221;Nimi&#8221; field_id=&#8221;Nimi&#8221; required_mark=&#8221;on&#8221; required_message=&#8221;Pakollinen tieto&#8221; field_grid_column=&#8221;et_pb_column_1_2&#8243; field_placeholder=&#8221;Nimesi&#8221; description_text=&#8221;on&#8221; description_text_text=&#8221;Nimi&#8221; _builder_version=&#8221;4.24.2&#8243; _module_preset=&#8221;default&#8221; global_colors_info=&#8221;{}&#8221; form_step=&#8221;0&#8243; current_step=&#8221;0&#8243;][\/de_fb_form_field][de_fb_form_field field_title=&#8221;Yritys&#8221; admin_title=&#8221;Yritys&#8221; field_id=&#8221;Yritys&#8221; field_grid_column=&#8221;et_pb_column_1_2&#8243; field_placeholder=&#8221;Yrityksesi&#8221; description_text=&#8221;on&#8221; description_text_text=&#8221;Yritys&#8221; _builder_version=&#8221;4.24.2&#8243; _module_preset=&#8221;default&#8221; global_colors_info=&#8221;{}&#8221; form_step=&#8221;0&#8243; current_step=&#8221;0&#8243;][\/de_fb_form_field][de_fb_form_field field_title=&#8221;Puhelin&#8221; admin_title=&#8221;Puhelin&#8221; field_id=&#8221;Puhelin&#8221; required_mark=&#8221;on&#8221; required_message=&#8221;Pakollinen tieto&#8221; field_grid_column=&#8221;et_pb_column_1_2&#8243; field_placeholder=&#8221;Puhelinnumerosi&#8221; description_text=&#8221;on&#8221; description_text_text=&#8221;Puhelin&#8221; _builder_version=&#8221;4.24.2&#8243; _module_preset=&#8221;default&#8221; global_colors_info=&#8221;{}&#8221; form_step=&#8221;0&#8243; current_step=&#8221;0&#8243;][\/de_fb_form_field][de_fb_form_field field_title=&#8221;S\u00e4hk\u00f6posti&#8221; admin_title=&#8221;S\u00e4hk\u00f6posti&#8221; field_id=&#8221;S\u00e4hk\u00f6posti&#8221; field_type=&#8221;email&#8221; email_message=&#8221;Ole hyv\u00e4 ja laita hyv\u00e4ksytty s\u00e4hk\u00f6postiosoite&#8221; required_mark=&#8221;on&#8221; required_message=&#8221;Pakollinen tieto&#8221; field_grid_column=&#8221;et_pb_column_1_2&#8243; field_placeholder=&#8221;S\u00e4hk\u00f6postiosoitteesi&#8221; description_text=&#8221;on&#8221; description_text_text=&#8221;S\u00e4hk\u00f6posti&#8221; _builder_version=&#8221;4.24.2&#8243; _module_preset=&#8221;default&#8221; global_colors_info=&#8221;{}&#8221; form_step=&#8221;0&#8243; current_step=&#8221;0&#8243;][\/de_fb_form_field][de_fb_form_field field_title=&#8221;Viesti&#8221; admin_title=&#8221;Viesti&#8221; field_id=&#8221;Viesti&#8221; field_type=&#8221;text&#8221; required_mark=&#8221;on&#8221; required_message=&#8221;Pakollinen tieto&#8221; field_placeholder=&#8221;Viestisi&#8221; description_text=&#8221;on&#8221; description_text_text=&#8221;Viesti&#8221; _builder_version=&#8221;4.24.2&#8243; _module_preset=&#8221;default&#8221; global_colors_info=&#8221;{}&#8221; form_step=&#8221;0&#8243; current_step=&#8221;0&#8243;][\/de_fb_form_field][\/de_fb_form][\/et_pb_column][et_pb_column type=&#8221;1_3&#8243; _builder_version=&#8221;4.16&#8243; global_colors_info=&#8221;{}&#8221; custom_padding__hover=&#8221;|||&#8221;][et_pb_text _builder_version=&#8221;4.24.2&#8243; text_font=&#8221;||||||||&#8221; header_font=&#8221;||||||||&#8221; header_4_font=&#8221;Fjalla One||||||||&#8221; header_4_font_size=&#8221;20px&#8221; header_4_letter_spacing=&#8221;7px&#8221; header_4_line_height=&#8221;1.2em&#8221; header_4_text_align_tablet=&#8221;&#8221; header_4_text_align_phone=&#8221;center&#8221; header_4_text_align_last_edited=&#8221;on|desktop&#8221; global_colors_info=&#8221;{}&#8221; text_text_align_tablet=&#8221;left&#8221; text_text_align_phone=&#8221;left&#8221; text_text_align_last_edited=&#8221;off|desktop&#8221;]<\/p>\n<h4>DJ Timo Tapaninen<\/h4>\n<p>Aittatie 3 (Y-North)<br \/>96320 Rovaniemi, Finland<\/p>\n<p><span style=\"color: #ff99cc;\"><a href=\"tel:+358406290399\" style=\"color: #ff99cc;\">040 629 0399<\/a><\/span><\/p>\n<p><span style=\"color: #ff99cc;\"><a href=\"mailto:timo@timotapaninen.fi\" style=\"color: #ff99cc;\">timo@timotapaninen.fi<\/a><\/span><\/p>\n<p>[\/et_pb_text][\/et_pb_column][\/et_pb_row][\/et_pb_section]<\/p>","protected":false},"excerpt":{"rendered":"<p>HinnastoHinnasto Timo TapaninenDJ + SOITTOLAITTEET Tuon oman soittolaitteiston 1 h 348 \u20ac2 h 414 \u20ac3 h 474 \u20ac4 h 540 \u20ac5 h 600 \u20ac6 h 660 \u20ac7 h 720 \u20ac &nbsp;Pelkk\u00e4 DJ Soittolaitteisto talon puolesta &nbsp; 1 h 204 \u20ac2 h 264 \u20ac3 h 324 \u20ac4 h 390 \u20ac5 h 456 \u20ac6 h 522 \u20ac7 [&hellip;]<\/p>","protected":false},"author":1,"featured_media":0,"parent":0,"menu_order":0,"comment_status":"closed","ping_status":"closed","template":"","meta":{"_seopress_robots_primary_cat":"","_seopress_titles_title":"Hinnasto | DJ- ja karaokepalvelut | Timo Tapaninen","_seopress_titles_desc":"DJ tapahtumaasi, alkaen 170 \u20ac. + alv.","_seopress_robots_index":"","_et_pb_use_builder":"on","_et_pb_old_content":"","_et_gb_content_width":"","footnotes":""},"class_list":["post-692","page","type-page","status-publish","hentry"],"_links":{"self":[{"href":"https:\/\/timotapaninen.fi\/en\/wp-json\/wp\/v2\/pages\/692","targetHints":{"allow":["GET"]}}],"collection":[{"href":"https:\/\/timotapaninen.fi\/en\/wp-json\/wp\/v2\/pages"}],"about":[{"href":"https:\/\/timotapaninen.fi\/en\/wp-json\/wp\/v2\/types\/page"}],"author":[{"embeddable":true,"href":"https:\/\/timotapaninen.fi\/en\/wp-json\/wp\/v2\/users\/1"}],"replies":[{"embeddable":true,"href":"https:\/\/timotapaninen.fi\/en\/wp-json\/wp\/v2\/comments?post=692"}],"version-history":[{"count":13,"href":"https:\/\/timotapaninen.fi\/en\/wp-json\/wp\/v2\/pages\/692\/revisions"}],"predecessor-version":[{"id":759,"href":"https:\/\/timotapaninen.fi\/en\/wp-json\/wp\/v2\/pages\/692\/revisions\/759"}],"wp:attachment":[{"href":"https:\/\/timotapaninen.fi\/en\/wp-json\/wp\/v2\/media?parent=692"}],"curies":[{"name":"wp","href":"https:\/\/api.w.org\/{rel}","templated":true}]}}